{"id":710,"date":"2020-10-30T12:42:28","date_gmt":"2020-10-30T12:42:28","guid":{"rendered":"http:\/\/localhost\/tuinhua\/?page_id=710"},"modified":"2024-10-10T09:02:13","modified_gmt":"2024-10-10T09:02:13","slug":"contact","status":"publish","type":"page","link":"http:\/\/tvmplayground.com\/en\/contact\/","title":{"rendered":"Contact"},"content":{"rendered":"<p><section class=\"kc-elm kc-css-292950 kc_row\"><div class=\"kc-row-container  kc-container\"><div class=\"kc-wrap-columns\"><div class=\"kc-elm kc-css-22346 kc_col-sm-12 kc_column kc_col-sm-12\"><div class=\"kc-col-container\"><div class=\"kc-elm kc-css-54884 kc_google_maps kc_shortcode\"><div style=\"height: 350px\" class=\"kc-google-maps\"><iframe src=\"https:\/\/www.google.com\/maps\/embed?pb=!1m18!1m12!1m3!1d886.1804221063877!2d106.59171715761785!3d10.802674687605556!2m3!1f0!2f0!3f0!3m2!1i1024!2i768!4f13.1!3m3!1m2!1s0x31752b85a37dcb87%3A0xce221afe88d472c5!2zNTcgxJDGsOG7nW5nIHPhu5EgNEIsIELDrG5oIEjGsG5nIEhvw6AgQiwgQsOsbmggVMOibiwgVGjDoG5oIHBo4buRIEjhu5MgQ2jDrSBNaW5oLCBWaeG7h3QgTmFt!5e0!3m2!1svi!2s!4v1605516189307!5m2!1svi!2s\" width=\"100%\" height=\"350\" frameborder=\"0\" style=\"border:0;\" allowfullscreen=\"\" aria-hidden=\"false\" tabindex=\"0\"><\/iframe><\/div><\/div><\/div><\/div><\/div><\/div><\/section><section class=\"kc-elm kc-css-368642 kc_row\"><div class=\"kc-row-container  kc-container\"><div class=\"kc-wrap-columns\"><div class=\"kc-elm kc-css-809426 kc_col-sm-12 kc_column kc_col-sm-12\"><div class=\"kc-col-container\"><div class=\"kc-elm kc-css-166570 kc_text_block\"><\/p>\n<div class=\"contact-box\">\n<h1 class=\"title\" style=\"color: #0064aa;\">TVM<\/h1>\n<p>\u0110\u1ecba ch\u1ec9: 57 \u0110\u01b0\u1eddng 4B, Ph\u01b0\u1eddng B\u00ecnh H\u01b0ng H\u00f2a B, Qu\u1eadn B\u00ecnh T\u00e2n, Th\u00e0nh Ph\u1ed1 H\u1ed3 Ch\u00ed Minh, Vi\u1ec7t Nam.<\/p>\n<p>Hotline 1: (028) 6686 4883<\/p>\n<p>Hotline 2: 0855.77.00.22<\/p>\n<p><span class=\"text\">Email: <\/span><a class=\"text-is-email\" href=\"mailto:tvmplayground@gmail.com\" target=\"_blank\" rel=\"noopener\">tvmplayground@gmail.com<\/a><\/p>\n<\/div>\n<p>\n<\/div><div class=\"kc-elm kc-css-90663 kc_row kc_row_inner padding-0\"><div class=\"kc-elm kc-css-717107 kc_col-sm-12 kc_column_inner kc_col-sm-12\"><div class=\"kc_wrapper kc-col-inner-container\">\n<div class=\"kc-elm kc-css-757361 kc-title-wrap \">\n\n\t<h3 class=\"kc_title title-contact\">Sales Department<\/h3>\n<\/div>\n<div class=\"kc-elm kc-css-435850 kc_row kc_row_inner content_add_nv_gr\"><div class=\"content_add_nv\"><div class=\"kc-elm kc-css-737967 kc_col-sm-4 kc_column_inner kc_col-sm-4\"><div class=\"kc_wrapper kc-col-inner-container\"><div class=\"kc-elm kc-css-920856 kc_shortcode kc_single_image\">\n\n        <img src=\"http:\/\/tvmplayground.com\/wp-content\/uploads\/2020\/11\/Barbara_1_1_kopia.png\" class=\"\" alt=\"\" \/>    <\/div>\n<\/div><\/div><div class=\"kc-elm kc-css-232197 kc_col-sm-8 kc_column_inner kc_col-sm-8\"><div class=\"kc_wrapper kc-col-inner-container\"><div class=\"kc-elm kc-css-561655 kc_text_block\"><\/p>\n<p>\n<strong style=\"color: #0064aa;\">Barbara Jankowska<\/strong><\/p>\n<div class=\"icon-wrapper\"><i class=\"far fa-envelope\"><\/i>\u00a0<a href=\"mailto:tvmplayground@gmail.com\">tvmplayground@gmail.com<\/a><\/div>\n<div class=\"icon-wrapper\"><i class=\"fas fa-phone\"><\/i>\u00a0<a href=\"tel:+48 855770022\">+48 855 77 00 22<\/a><\/div>\n<p>\n<\/div><\/div><\/div><\/div><\/div><\/div><\/div><\/div><\/div><\/div><\/div><\/div><\/section><section class=\"kc-elm kc-css-337826 kc_row frm_lienhe_gr\"><div class=\"kc-row-container  kc-container\"><div class=\"kc-wrap-columns\"><div class=\"kc-elm kc-css-763960 kc_col-sm-12 kc_column kc_col-sm-12\"><div class=\"kc-col-container\"><div class=\"kc-contact-form7 kc-elm kc-css-548997 frm_lienhe\"><div role=\"form\" class=\"wpcf7\" id=\"wpcf7-f507-o2\" lang=\"vi\" dir=\"ltr\">\n<div class=\"screen-reader-response\"><p role=\"status\" aria-live=\"polite\" aria-atomic=\"true\"><\/p> <ul><\/ul><\/div>\n<form action=\"\/en\/wp-json\/wp\/v2\/pages\/710#wpcf7-f507-o2\" method=\"post\" class=\"wpcf7-form init\" novalidate=\"novalidate\" data-status=\"init\">\n<div style=\"display: none;\">\n<input type=\"hidden\" name=\"_wpcf7\" value=\"507\" \/>\n<input type=\"hidden\" name=\"_wpcf7_version\" value=\"5.3\" \/>\n<input type=\"hidden\" name=\"_wpcf7_locale\" value=\"vi\" \/>\n<input type=\"hidden\" name=\"_wpcf7_unit_tag\" value=\"wpcf7-f507-o2\" \/>\n<input type=\"hidden\" name=\"_wpcf7_container_post\" value=\"0\" \/>\n<input type=\"hidden\" name=\"_wpcf7_posted_data_hash\" value=\"\" \/>\n<\/div>\n<div class=\"frm-dathang frm-lienhe\">\n<div class=\"ip-lh-gr\">\n<div class=\"ip-lh\"><span class=\"wpcf7-form-control-wrap your-name\"><input type=\"text\" name=\"your-name\" value=\"\" size=\"40\" class=\"wpcf7-form-control wpcf7-text wpcf7-validates-as-required\" aria-required=\"true\" aria-invalid=\"false\" placeholder=\"Full name (*)\" \/><\/span><\/div>\n<div class=\"ip-lh\"><span class=\"wpcf7-form-control-wrap your-phone\"><input type=\"text\" name=\"your-phone\" value=\"\" size=\"40\" class=\"wpcf7-form-control wpcf7-text wpcf7-validates-as-required\" aria-required=\"true\" aria-invalid=\"false\" placeholder=\"Phone number (*)\" \/><\/span><\/div>\n<div class=\"ip-lh\"><span class=\"wpcf7-form-control-wrap your-email\"><input type=\"email\" name=\"your-email\" value=\"\" size=\"40\" class=\"wpcf7-form-control wpcf7-text wpcf7-email wpcf7-validates-as-email\" aria-invalid=\"false\" placeholder=\"Email\" \/><\/span><\/div>\n<\/div>\n<p><span class=\"wpcf7-form-control-wrap your-message\"><textarea name=\"your-message\" cols=\"40\" rows=\"10\" class=\"wpcf7-form-control wpcf7-textarea\" aria-invalid=\"false\" placeholder=\"Your message\"><\/textarea><\/span><br \/>\n<input type=\"submit\" value=\"Send message\" class=\"wpcf7-form-control wpcf7-submit\" \/>\n<\/p><\/div>\n<div class=\"wpcf7-response-output\" aria-hidden=\"true\"><\/div><\/form><\/div><\/div><\/div><\/div><\/div><\/div><\/section><\/p>","protected":false},"excerpt":{"rendered":"","protected":false},"author":1,"featured_media":0,"parent":0,"menu_order":0,"comment_status":"closed","ping_status":"closed","template":"","meta":[],"yoast_head":"<!-- This site is optimized with the Yoast SEO plugin v18.2 - https:\/\/yoast.com\/wordpress\/plugins\/seo\/ -->\n<title>Contact - Playground equipment<\/title>\n<meta name=\"robots\" content=\"index, follow, max-snippet:-1, max-image-preview:large, max-video-preview:-1\" \/>\n<link rel=\"canonical\" href=\"http:\/\/tvmplayground.com\/contact\/\" \/>\n<meta property=\"og:locale\" content=\"en_US\" \/>\n<meta property=\"og:type\" content=\"article\" \/>\n<meta property=\"og:title\" content=\"Contact - Playground equipment\" \/>\n<meta property=\"og:description\" content=\"Full name (*)&#8221;] S\u1ed1 \u0111i\u1ec7n tho\u1ea1iPhone number (*)&#8221;] N\u1ed9i dung li\u00ean h\u1ec7Your message&#8221;] G\u1eediSend message&#8221;] TVM \u0110\u1ecba ch\u1ec9: 57 \u0110\u01b0\u1eddng 4B, Ph\u01b0\u1eddng B\u00ecnh H\u01b0ng H\u00f2a B, Qu\u1eadn B\u00ecnh T\u00e2n, Th\u00e0nh Ph\u1ed1 H\u1ed3 Ch\u00ed Minh, Vi\u1ec7t Nam. Hotline 1: (028) 6686 4883 Hotline 2: 0855.77.00.22 Email: tvmplayground@gmail.com Sales Department Barbara Jankowska \u00a0tvmplayground@gmail.com \u00a0+48 855 77 00 &hellip; Continue reading &quot;Contact&quot;\" \/>\n<meta property=\"og:url\" content=\"http:\/\/tvmplayground.com\/contact\/\" \/>\n<meta property=\"og:site_name\" content=\"Playground equipment\" \/>\n<meta property=\"article:modified_time\" content=\"2024-10-10T09:02:13+00:00\" \/>\n<meta property=\"og:image\" content=\"http:\/\/tvmplayground.com\/wp-content\/uploads\/2020\/11\/Barbara_1_1_kopia.png\" \/>\n<meta name=\"twitter:card\" content=\"summary_large_image\" \/>\n<meta name=\"twitter:label1\" content=\"Est. reading time\" \/>\n\t<meta name=\"twitter:data1\" content=\"1 minute\" \/>\n<script type=\"application\/ld+json\" class=\"yoast-schema-graph\">{\"@context\":\"https:\/\/schema.org\",\"@graph\":[{\"@type\":\"WebSite\",\"@id\":\"https:\/\/tvmplayground.com\/#website\",\"url\":\"https:\/\/tvmplayground.com\/\",\"name\":\"Playground equipment\",\"description\":\"Producer Buglo\",\"potentialAction\":[{\"@type\":\"SearchAction\",\"target\":{\"@type\":\"EntryPoint\",\"urlTemplate\":\"https:\/\/tvmplayground.com\/?s={search_term_string}\"},\"query-input\":\"required name=search_term_string\"}],\"inLanguage\":\"en-US\"},{\"@type\":\"ImageObject\",\"@id\":\"http:\/\/tvmplayground.com\/contact\/#primaryimage\",\"inLanguage\":\"en-US\",\"url\":\"http:\/\/tvmplayground.com\/wp-content\/uploads\/2020\/11\/Barbara_1_1_kopia.png\",\"contentUrl\":\"http:\/\/tvmplayground.com\/wp-content\/uploads\/2020\/11\/Barbara_1_1_kopia.png\",\"width\":140,\"height\":140},{\"@type\":\"WebPage\",\"@id\":\"http:\/\/tvmplayground.com\/contact\/#webpage\",\"url\":\"http:\/\/tvmplayground.com\/contact\/\",\"name\":\"Contact - Playground equipment\",\"isPartOf\":{\"@id\":\"https:\/\/tvmplayground.com\/#website\"},\"primaryImageOfPage\":{\"@id\":\"http:\/\/tvmplayground.com\/contact\/#primaryimage\"},\"datePublished\":\"2020-10-30T12:42:28+00:00\",\"dateModified\":\"2024-10-10T09:02:13+00:00\",\"breadcrumb\":{\"@id\":\"http:\/\/tvmplayground.com\/contact\/#breadcrumb\"},\"inLanguage\":\"en-US\",\"potentialAction\":[{\"@type\":\"ReadAction\",\"target\":[\"http:\/\/tvmplayground.com\/contact\/\"]}]},{\"@type\":\"BreadcrumbList\",\"@id\":\"http:\/\/tvmplayground.com\/contact\/#breadcrumb\",\"itemListElement\":[{\"@type\":\"ListItem\",\"position\":1,\"name\":\"Trang ch\u1ee7\",\"item\":\"https:\/\/tvmplayground.com\/\"},{\"@type\":\"ListItem\",\"position\":2,\"name\":\"Li\u00ean h\u00ea\u0323\"}]}]}<\/script>\n<!-- \/ Yoast SEO plugin. -->","yoast_head_json":{"title":"Contact - Playground equipment","robots":{"index":"index","follow":"follow","max-snippet":"max-snippet:-1","max-image-preview":"max-image-preview:large","max-video-preview":"max-video-preview:-1"},"canonical":"http:\/\/tvmplayground.com\/contact\/","og_locale":"en_US","og_type":"article","og_title":"Contact - Playground equipment","og_description":"Full name (*)&#8221;] S\u1ed1 \u0111i\u1ec7n tho\u1ea1iPhone number (*)&#8221;] N\u1ed9i dung li\u00ean h\u1ec7Your message&#8221;] G\u1eediSend message&#8221;] TVM \u0110\u1ecba ch\u1ec9: 57 \u0110\u01b0\u1eddng 4B, Ph\u01b0\u1eddng B\u00ecnh H\u01b0ng H\u00f2a B, Qu\u1eadn B\u00ecnh T\u00e2n, Th\u00e0nh Ph\u1ed1 H\u1ed3 Ch\u00ed Minh, Vi\u1ec7t Nam. Hotline 1: (028) 6686 4883 Hotline 2: 0855.77.00.22 Email: tvmplayground@gmail.com Sales Department Barbara Jankowska \u00a0tvmplayground@gmail.com \u00a0+48 855 77 00 &hellip; Continue reading \"Contact\"","og_url":"http:\/\/tvmplayground.com\/contact\/","og_site_name":"Playground equipment","article_modified_time":"2024-10-10T09:02:13+00:00","og_image":[{"url":"http:\/\/tvmplayground.com\/wp-content\/uploads\/2020\/11\/Barbara_1_1_kopia.png"}],"twitter_card":"summary_large_image","twitter_misc":{"Est. reading time":"1 minute"},"schema":{"@context":"https:\/\/schema.org","@graph":[{"@type":"WebSite","@id":"https:\/\/tvmplayground.com\/#website","url":"https:\/\/tvmplayground.com\/","name":"Playground equipment","description":"Producer Buglo","potentialAction":[{"@type":"SearchAction","target":{"@type":"EntryPoint","urlTemplate":"https:\/\/tvmplayground.com\/?s={search_term_string}"},"query-input":"required name=search_term_string"}],"inLanguage":"en-US"},{"@type":"ImageObject","@id":"http:\/\/tvmplayground.com\/contact\/#primaryimage","inLanguage":"en-US","url":"http:\/\/tvmplayground.com\/wp-content\/uploads\/2020\/11\/Barbara_1_1_kopia.png","contentUrl":"http:\/\/tvmplayground.com\/wp-content\/uploads\/2020\/11\/Barbara_1_1_kopia.png","width":140,"height":140},{"@type":"WebPage","@id":"http:\/\/tvmplayground.com\/contact\/#webpage","url":"http:\/\/tvmplayground.com\/contact\/","name":"Contact - Playground equipment","isPartOf":{"@id":"https:\/\/tvmplayground.com\/#website"},"primaryImageOfPage":{"@id":"http:\/\/tvmplayground.com\/contact\/#primaryimage"},"datePublished":"2020-10-30T12:42:28+00:00","dateModified":"2024-10-10T09:02:13+00:00","breadcrumb":{"@id":"http:\/\/tvmplayground.com\/contact\/#breadcrumb"},"inLanguage":"en-US","potentialAction":[{"@type":"ReadAction","target":["http:\/\/tvmplayground.com\/contact\/"]}]},{"@type":"BreadcrumbList","@id":"http:\/\/tvmplayground.com\/contact\/#breadcrumb","itemListElement":[{"@type":"ListItem","position":1,"name":"Trang ch\u1ee7","item":"https:\/\/tvmplayground.com\/"},{"@type":"ListItem","position":2,"name":"Li\u00ean h\u00ea\u0323"}]}]}},"acf":[],"_links":{"self":[{"href":"http:\/\/tvmplayground.com\/en\/wp-json\/wp\/v2\/pages\/710"}],"collection":[{"href":"http:\/\/tvmplayground.com\/en\/wp-json\/wp\/v2\/pages"}],"about":[{"href":"http:\/\/tvmplayground.com\/en\/wp-json\/wp\/v2\/types\/page"}],"author":[{"embeddable":true,"href":"http:\/\/tvmplayground.com\/en\/wp-json\/wp\/v2\/users\/1"}],"replies":[{"embeddable":true,"href":"http:\/\/tvmplayground.com\/en\/wp-json\/wp\/v2\/comments?post=710"}],"version-history":[{"count":39,"href":"http:\/\/tvmplayground.com\/en\/wp-json\/wp\/v2\/pages\/710\/revisions"}],"predecessor-version":[{"id":9067,"href":"http:\/\/tvmplayground.com\/en\/wp-json\/wp\/v2\/pages\/710\/revisions\/9067"}],"wp:attachment":[{"href":"http:\/\/tvmplayground.com\/en\/wp-json\/wp\/v2\/media?parent=710"}],"curies":[{"name":"wp","href":"https:\/\/api.w.org\/{rel}","templated":true}]}}